{"id":10291,"date":"2024-01-09T21:26:08","date_gmt":"2024-01-09T20:26:08","guid":{"rendered":"https:\/\/elite-bikini.com\/?page_id=10291"},"modified":"2024-01-09T21:26:08","modified_gmt":"2024-01-09T20:26:08","slug":"bikini-de-scene","status":"publish","type":"page","link":"http:\/\/elite-bikini.com\/index.php\/bikini-de-scene\/","title":{"rendered":"Bikini de sc\u00e8ne"},"content":{"rendered":"<section class=\"wpb-content-wrapper\"><section class=\"l-section wpb_row height_huge with_img\"><div class=\"l-section-img\" style=\"background-image: url(http:\/\/elite-bikini.com\/wp-content\/uploads\/2023\/02\/bot.jpg);\" data-img-width=\"1903\" data-img-height=\"395\"><\/div><div class=\"l-section-h i-cf\"><div class=\"g-cols vc_row via_flex valign_top type_default stacking_default\"><div class=\"vc_col-sm-12 wpb_column vc_column_container\"><div class=\"vc_column-inner\"><div class=\"wpb_wrapper\"><\/div><\/div><\/div><\/div><\/div><\/section><section class=\"l-section wpb_row height_medium\"><div class=\"l-section-h i-cf\"><div class=\"g-cols vc_row via_flex valign_top type_default stacking_default\"><div class=\"vc_col-sm-12 wpb_column vc_column_container\"><div class=\"vc_column-inner\"><div class=\"wpb_wrapper\"><div class=\"woocommerce columns-4 \"><ul class=\"products columns-4\">\n<li class=\"product type-product post-10250 status-publish first instock product_cat-scene has-post-thumbnail shipping-taxable purchasable product-type-simple\">\n\t<a href=\"http:\/\/elite-bikini.com\/index.php\/produit\/blue-azul\/\" class=\"woocommerce-LoopProduct-link woocommerce-loop-product__link\"><img decoding=\"async\" width=\"300\" height=\"300\" src=\"http:\/\/elite-bikini.com\/wp-content\/uploads\/2024\/01\/IMG_0042-scaled-1-300x300.jpg\" class=\"attachment-woocommerce_thumbnail size-woocommerce_thumbnail\" alt=\"\" srcset=\"http:\/\/elite-bikini.com\/wp-content\/uploads\/2024\/01\/IMG_0042-scaled-1-300x300.jpg 300w, http:\/\/elite-bikini.com\/wp-content\/uploads\/2024\/01\/IMG_0042-scaled-1-150x150.jpg 150w\" sizes=\"(max-width: 300px) 100vw, 300px\" \/><h2 class=\"woocommerce-loop-product__title\">Bikini de sc\u00e8ne<\/h2>\n\t<span class=\"price\"><span class=\"woocommerce-Price-amount amount\"><bdi>420<span class=\"woocommerce-Price-currencySymbol\">&euro;<\/span><\/bdi><\/span><\/span>\n<\/a><a href=\"?add-to-cart=10250\" aria-describedby=\"woocommerce_loop_add_to_cart_link_describedby_10250\" data-quantity=\"1\" class=\"button product_type_simple add_to_cart_button ajax_add_to_cart\" data-product_id=\"10250\" data-product_sku=\"\" aria-label=\"Ajouter au panier\u00a0: &ldquo;Bikini de sc\u00e8ne&rdquo;\" rel=\"nofollow\" data-success_message=\"\u00ab\u00a0Bikini de sc\u00e8ne\u00a0\u00bb a \u00e9t\u00e9 ajout\u00e9 \u00e0 votre panier\"><i class=\"g-preloader type_1\"><\/i><span class=\"w-btn-label\">Ajouter au panier<\/span><\/a>\t<span id=\"woocommerce_loop_add_to_cart_link_describedby_10250\" class=\"screen-reader-text\">\n\t\t\t<\/span>\n<\/li>\n<\/ul>\n<\/div><\/div><\/div><\/div><\/div><\/div><\/section>\n<\/section>","protected":false},"excerpt":{"rendered":"Bikini de sc\u00e8ne 420&euro; Ajouter au panier","protected":false},"author":1,"featured_media":0,"parent":0,"menu_order":0,"comment_status":"closed","ping_status":"closed","template":"","meta":{"footnotes":""},"class_list":["post-10291","page","type-page","status-publish","hentry"],"yoast_head":"<!-- This site is optimized with the Yoast SEO plugin v24.6 - https:\/\/yoast.com\/wordpress\/plugins\/seo\/ -->\n<title>Bikini de sc\u00e8ne -<\/title>\n<meta name=\"robots\" content=\"index, follow, max-snippet:-1, max-image-preview:large, max-video-preview:-1\" \/>\n<link rel=\"canonical\" href=\"https:\/\/elite-bikini.com\/index.php\/bikini-de-scene\/\" \/>\n<meta property=\"og:locale\" content=\"fr_FR\" \/>\n<meta property=\"og:type\" content=\"article\" \/>\n<meta property=\"og:title\" content=\"Bikini de sc\u00e8ne -\" \/>\n<meta property=\"og:url\" content=\"https:\/\/elite-bikini.com\/index.php\/bikini-de-scene\/\" \/>\n<meta name=\"twitter:card\" content=\"summary_large_image\" \/>\n<script type=\"application\/ld+json\" class=\"yoast-schema-graph\">{\"@context\":\"https:\/\/schema.org\",\"@graph\":[{\"@type\":\"WebPage\",\"@id\":\"https:\/\/elite-bikini.com\/index.php\/bikini-de-scene\/\",\"url\":\"https:\/\/elite-bikini.com\/index.php\/bikini-de-scene\/\",\"name\":\"Bikini de sc\u00e8ne -\",\"isPartOf\":{\"@id\":\"https:\/\/elite-bikini.com\/#website\"},\"datePublished\":\"2024-01-09T20:26:08+00:00\",\"breadcrumb\":{\"@id\":\"https:\/\/elite-bikini.com\/index.php\/bikini-de-scene\/#breadcrumb\"},\"inLanguage\":\"fr-FR\",\"potentialAction\":[{\"@type\":\"ReadAction\",\"target\":[\"https:\/\/elite-bikini.com\/index.php\/bikini-de-scene\/\"]}]},{\"@type\":\"BreadcrumbList\",\"@id\":\"https:\/\/elite-bikini.com\/index.php\/bikini-de-scene\/#breadcrumb\",\"itemListElement\":[{\"@type\":\"ListItem\",\"position\":1,\"name\":\"Accueil\",\"item\":\"https:\/\/elite-bikini.com\/\"},{\"@type\":\"ListItem\",\"position\":2,\"name\":\"Bikini de sc\u00e8ne\"}]},{\"@type\":\"WebSite\",\"@id\":\"https:\/\/elite-bikini.com\/#website\",\"url\":\"https:\/\/elite-bikini.com\/\",\"name\":\"\",\"description\":\"\",\"potentialAction\":[{\"@type\":\"SearchAction\",\"target\":{\"@type\":\"EntryPoint\",\"urlTemplate\":\"https:\/\/elite-bikini.com\/?s={search_term_string}\"},\"query-input\":{\"@type\":\"PropertyValueSpecification\",\"valueRequired\":true,\"valueName\":\"search_term_string\"}}],\"inLanguage\":\"fr-FR\"}]}<\/script>\n<!-- \/ Yoast SEO plugin. -->","yoast_head_json":{"title":"Bikini de sc\u00e8ne -","robots":{"index":"index","follow":"follow","max-snippet":"max-snippet:-1","max-image-preview":"max-image-preview:large","max-video-preview":"max-video-preview:-1"},"canonical":"https:\/\/elite-bikini.com\/index.php\/bikini-de-scene\/","og_locale":"fr_FR","og_type":"article","og_title":"Bikini de sc\u00e8ne -","og_url":"https:\/\/elite-bikini.com\/index.php\/bikini-de-scene\/","twitter_card":"summary_large_image","schema":{"@context":"https:\/\/schema.org","@graph":[{"@type":"WebPage","@id":"https:\/\/elite-bikini.com\/index.php\/bikini-de-scene\/","url":"https:\/\/elite-bikini.com\/index.php\/bikini-de-scene\/","name":"Bikini de sc\u00e8ne -","isPartOf":{"@id":"https:\/\/elite-bikini.com\/#website"},"datePublished":"2024-01-09T20:26:08+00:00","breadcrumb":{"@id":"https:\/\/elite-bikini.com\/index.php\/bikini-de-scene\/#breadcrumb"},"inLanguage":"fr-FR","potentialAction":[{"@type":"ReadAction","target":["https:\/\/elite-bikini.com\/index.php\/bikini-de-scene\/"]}]},{"@type":"BreadcrumbList","@id":"https:\/\/elite-bikini.com\/index.php\/bikini-de-scene\/#breadcrumb","itemListElement":[{"@type":"ListItem","position":1,"name":"Accueil","item":"https:\/\/elite-bikini.com\/"},{"@type":"ListItem","position":2,"name":"Bikini de sc\u00e8ne"}]},{"@type":"WebSite","@id":"https:\/\/elite-bikini.com\/#website","url":"https:\/\/elite-bikini.com\/","name":"","description":"","potentialAction":[{"@type":"SearchAction","target":{"@type":"EntryPoint","urlTemplate":"https:\/\/elite-bikini.com\/?s={search_term_string}"},"query-input":{"@type":"PropertyValueSpecification","valueRequired":true,"valueName":"search_term_string"}}],"inLanguage":"fr-FR"}]}},"_links":{"self":[{"href":"http:\/\/elite-bikini.com\/index.php\/wp-json\/wp\/v2\/pages\/10291","targetHints":{"allow":["GET"]}}],"collection":[{"href":"http:\/\/elite-bikini.com\/index.php\/wp-json\/wp\/v2\/pages"}],"about":[{"href":"http:\/\/elite-bikini.com\/index.php\/wp-json\/wp\/v2\/types\/page"}],"author":[{"embeddable":true,"href":"http:\/\/elite-bikini.com\/index.php\/wp-json\/wp\/v2\/users\/1"}],"replies":[{"embeddable":true,"href":"http:\/\/elite-bikini.com\/index.php\/wp-json\/wp\/v2\/comments?post=10291"}],"version-history":[{"count":1,"href":"http:\/\/elite-bikini.com\/index.php\/wp-json\/wp\/v2\/pages\/10291\/revisions"}],"predecessor-version":[{"id":10293,"href":"http:\/\/elite-bikini.com\/index.php\/wp-json\/wp\/v2\/pages\/10291\/revisions\/10293"}],"wp:attachment":[{"href":"http:\/\/elite-bikini.com\/index.php\/wp-json\/wp\/v2\/media?parent=10291"}],"curies":[{"name":"wp","href":"https:\/\/api.w.org\/{rel}","templated":true}]}}